{"id":1796,"date":"2025-09-17T08:02:52","date_gmt":"2025-09-17T08:02:52","guid":{"rendered":"https:\/\/woocommerce-staging.fero.com\/?post_type=product&#038;p=1796"},"modified":"2026-02-27T15:42:07","modified_gmt":"2026-02-27T15:42:07","slug":"fero","status":"publish","type":"product","link":"https:\/\/woocommerce-staging.fero.com\/es\/product\/fero\/","title":{"rendered":"Bl\u00e5b\u00e6rsyltet\u00f8y \u2013 \u00d8kologisk"},"content":{"rendered":"<p>\u00c6rverdig Trollkrem R\u00f8mmegr\u00f8t Havt\u00e5ke\u00ae Duftlys<\/p>","protected":false},"excerpt":{"rendered":"<p>\u00c6rverdig Trollkrem R\u00f8mmegr\u00f8t Havt\u00e5ke\u00ae Duftlys<\/p>","protected":false},"featured_media":1797,"comment_status":"open","ping_status":"closed","template":"","meta":[],"product_brand":[],"product_cat":[52,15],"product_tag":[],"class_list":{"0":"post-1796","1":"product","2":"type-product","3":"status-publish","4":"has-post-thumbnail","6":"product_cat-cbd","7":"product_cat-uncategorized","9":"first","10":"instock","11":"taxable","12":"shipping-taxable","13":"purchasable","14":"product-type-variable"},"_links":{"self":[{"href":"https:\/\/woocommerce-staging.fero.com\/es\/wp-json\/wp\/v2\/product\/1796","targetHints":{"allow":["GET"]}}],"collection":[{"href":"https:\/\/woocommerce-staging.fero.com\/es\/wp-json\/wp\/v2\/product"}],"about":[{"href":"https:\/\/woocommerce-staging.fero.com\/es\/wp-json\/wp\/v2\/types\/product"}],"replies":[{"embeddable":true,"href":"https:\/\/woocommerce-staging.fero.com\/es\/wp-json\/wp\/v2\/comments?post=1796"}],"wp:featuredmedia":[{"embeddable":true,"href":"https:\/\/woocommerce-staging.fero.com\/es\/wp-json\/wp\/v2\/media\/1797"}],"wp:attachment":[{"href":"https:\/\/woocommerce-staging.fero.com\/es\/wp-json\/wp\/v2\/media?parent=1796"}],"wp:term":[{"taxonomy":"product_brand","embeddable":true,"href":"https:\/\/woocommerce-staging.fero.com\/es\/wp-json\/wp\/v2\/product_brand?post=1796"},{"taxonomy":"product_cat","embeddable":true,"href":"https:\/\/woocommerce-staging.fero.com\/es\/wp-json\/wp\/v2\/product_cat?post=1796"},{"taxonomy":"product_tag","embeddable":true,"href":"https:\/\/woocommerce-staging.fero.com\/es\/wp-json\/wp\/v2\/product_tag?post=1796"}],"curies":[{"name":"wp","href":"https:\/\/api.w.org\/{rel}","templated":true}]}}